{"id":1806,"date":"2021-12-10T23:38:13","date_gmt":"2021-12-10T22:38:13","guid":{"rendered":"https:\/\/glamoriya.com\/?post_type=product&#038;p=1806"},"modified":"2024-07-09T15:58:49","modified_gmt":"2024-07-09T13:58:49","slug":"yari-100-naturelle-huile-de-jojoba","status":"publish","type":"product","link":"https:\/\/glamoriya.com\/en\/product\/yari-100-naturelle-huile-de-jojoba\/","title":{"rendered":"Yari 100% Naturelle Huile de Jojoba"},"content":{"rendered":"<p>Yari 100% Naturelle Huile de Jojoba est une huile v\u00e9g\u00e9tale qui provient de la graine de Jojoba. Huile de Jojoba nourrit et prot\u00e8ge les peaux sensibles. Elle apaise les rougeurs et r\u00e9duit l\u2019apparition des vergetures. L\u2019huile de Jojoba est \u00e9galement id\u00e9ale pour les peaux \u00e0 tendance acn\u00e9ique et r\u00e9duit les effets de l\u2019\u00e2ge. Elle nourrit et r\u00e9pare les cheveux secs et pointes et r\u00e9gule \u00e9galement la production de s\u00e9bum du cuir chevelu.<\/p>","protected":false},"excerpt":{"rendered":"<p>Yari 100% Naturelle Huile de Jojoba est une huile v\u00e9g\u00e9tale qui provient de la graine de Jojoba. Huile de Jojoba nourrit et prot\u00e8ge les peaux sensibles. Elle apaise les rougeurs et r\u00e9duit l\u2019apparition des vergetures. L\u2019huile de Jojoba est \u00e9galement id\u00e9ale pour les peaux \u00e0 tendance acn\u00e9ique et r\u00e9duit les effets de l\u2019\u00e2ge. Elle nourrit [&hellip;]<\/p>","protected":false},"featured_media":1786,"comment_status":"open","ping_status":"closed","template":"","meta":[],"_links":{"self":[{"href":"https:\/\/glamoriya.com\/en\/wp-json\/wp\/v2\/product\/1806"}],"collection":[{"href":"https:\/\/glamoriya.com\/en\/wp-json\/wp\/v2\/product"}],"about":[{"href":"https:\/\/glamoriya.com\/en\/wp-json\/wp\/v2\/types\/product"}],"replies":[{"embeddable":true,"href":"https:\/\/glamoriya.com\/en\/wp-json\/wp\/v2\/comments?post=1806"}],"wp:featuredmedia":[{"embeddable":true,"href":"https:\/\/glamoriya.com\/en\/wp-json\/wp\/v2\/media\/1786"}],"wp:attachment":[{"href":"https:\/\/glamoriya.com\/en\/wp-json\/wp\/v2\/media?parent=1806"}],"curies":[{"name":"wp","href":"https:\/\/api.w.org\/{rel}","templated":true}]}}