{"id":1804,"date":"2021-12-10T22:57:39","date_gmt":"2021-12-10T21:57:39","guid":{"rendered":"https:\/\/glamoriya.com\/?post_type=product&#038;p=1804"},"modified":"2025-05-19T19:56:06","modified_gmt":"2025-05-19T17:56:06","slug":"yari-100-natural-huile-dargan","status":"publish","type":"product","link":"https:\/\/glamoriya.com\/en\/product\/yari-100-natural-huile-dargan\/","title":{"rendered":"Yari 100% Natural Huile d&#8217;Argan"},"content":{"rendered":"<p>Yari 100% Naturelle L&#8217;Huile D\u2019argan, nourrit les peaux s\u00e8ches et r\u00e9pare les l\u00e8vres gerc\u00e9es. Pr\u00e9vient les vergetures et combat l&#8217;ecz\u00e9ma et l\u2019acn\u00e9. Nourrit et prot\u00e8ge les cheveux.<\/p>","protected":false},"excerpt":{"rendered":"<p>Yari 100% Naturelle L&#8217;Huile D\u2019argan, nourrit les peaux s\u00e8ches et r\u00e9pare les l\u00e8vres gerc\u00e9es. Pr\u00e9vient les vergetures et combat l&#8217;ecz\u00e9ma et l\u2019acn\u00e9. Nourrit et prot\u00e8ge les cheveux.<\/p>","protected":false},"featured_media":1795,"comment_status":"open","ping_status":"closed","template":"","meta":[],"_links":{"self":[{"href":"https:\/\/glamoriya.com\/en\/wp-json\/wp\/v2\/product\/1804"}],"collection":[{"href":"https:\/\/glamoriya.com\/en\/wp-json\/wp\/v2\/product"}],"about":[{"href":"https:\/\/glamoriya.com\/en\/wp-json\/wp\/v2\/types\/product"}],"replies":[{"embeddable":true,"href":"https:\/\/glamoriya.com\/en\/wp-json\/wp\/v2\/comments?post=1804"}],"wp:featuredmedia":[{"embeddable":true,"href":"https:\/\/glamoriya.com\/en\/wp-json\/wp\/v2\/media\/1795"}],"wp:attachment":[{"href":"https:\/\/glamoriya.com\/en\/wp-json\/wp\/v2\/media?parent=1804"}],"curies":[{"name":"wp","href":"https:\/\/api.w.org\/{rel}","templated":true}]}}