{"id":1800,"date":"2021-12-10T22:26:53","date_gmt":"2021-12-10T21:26:53","guid":{"rendered":"https:\/\/glamoriya.com\/?post_type=product&#038;p=1800"},"modified":"2024-07-09T16:00:31","modified_gmt":"2024-07-09T14:00:31","slug":"yari-100-pure-huile-dolive","status":"publish","type":"product","link":"https:\/\/glamoriya.com\/en\/product\/yari-100-pure-huile-dolive\/","title":{"rendered":"Yari 100% Pure Huile d&#8217;Olive"},"content":{"rendered":"<p>Yari 100% Pure Huile d\u2019olive hydrate les cheveux secs et cassants, leur apporte brillance et douceur. Elle limite la casse de vos cheveux et les prot\u00e8ge des agressions ext\u00e9rieures. Riche en vitamine A, C et D elle prot\u00e8ge, nourrit votre peau et lutte contre les signes de l\u2019\u00e2ge. <\/p>","protected":false},"excerpt":{"rendered":"<p>Yari 100% Pure Huile d\u2019olive hydrate les cheveux secs et cassants, leur apporte brillance et douceur. Elle limite la casse de vos cheveux et les prot\u00e8ge des agressions ext\u00e9rieures. Riche en vitamine A, C et D elle prot\u00e8ge, nourrit votre peau et lutte contre les signes de l\u2019\u00e2ge.<\/p>","protected":false},"featured_media":1781,"comment_status":"open","ping_status":"closed","template":"","meta":[],"_links":{"self":[{"href":"https:\/\/glamoriya.com\/en\/wp-json\/wp\/v2\/product\/1800"}],"collection":[{"href":"https:\/\/glamoriya.com\/en\/wp-json\/wp\/v2\/product"}],"about":[{"href":"https:\/\/glamoriya.com\/en\/wp-json\/wp\/v2\/types\/product"}],"replies":[{"embeddable":true,"href":"https:\/\/glamoriya.com\/en\/wp-json\/wp\/v2\/comments?post=1800"}],"wp:featuredmedia":[{"embeddable":true,"href":"https:\/\/glamoriya.com\/en\/wp-json\/wp\/v2\/media\/1781"}],"wp:attachment":[{"href":"https:\/\/glamoriya.com\/en\/wp-json\/wp\/v2\/media?parent=1800"}],"curies":[{"name":"wp","href":"https:\/\/api.w.org\/{rel}","templated":true}]}}