{"id":1779,"date":"2021-12-09T23:00:11","date_gmt":"2021-12-09T22:00:11","guid":{"rendered":"https:\/\/glamoriya.com\/?post_type=product&#038;p=1779"},"modified":"2024-07-09T16:01:09","modified_gmt":"2024-07-09T14:01:09","slug":"yari-100-pure-huile-de-moutarde","status":"publish","type":"product","link":"https:\/\/glamoriya.com\/en\/product\/yari-100-pure-huile-de-moutarde\/","title":{"rendered":"Yari 100% Pure Huile de Moutarde"},"content":{"rendered":"<p>Yari 100% L&#8217;huile de moutarde est riche en b\u00e9ta carot\u00e8ne, zinc, om\u00e9ga 3 vitamines A et E. L\u2019huile de moutarde active la circulation du cuir chevelu ce qui favorise la pousse des cheveux et aide \u00e0 combattre leur chute. Cette huile est aussi connue par ses bienfaits contre les pellicules, mais aussi pour nourrir et gainer la fibre capillaire, apportant ainsi brillance et douceur aux cheveux. Sur la peau, l\u2019huile de moutarde \u00e0 des propri\u00e9t\u00e9s raffermissantes et peut \u00eatre aussi utilis\u00e9e comme huile de massage chauffante.<\/p>","protected":false},"excerpt":{"rendered":"<p>Yari 100% L&#8217;huile de moutarde est riche en b\u00e9ta carot\u00e8ne, zinc, om\u00e9ga 3 vitamines A et E. L\u2019huile de moutarde active la circulation du cuir chevelu ce qui favorise la pousse des cheveux et aide \u00e0 combattre leur chute. Cette huile est aussi connue par ses bienfaits contre les pellicules, mais aussi pour nourrir et [&hellip;]<\/p>","protected":false},"featured_media":1782,"comment_status":"open","ping_status":"closed","template":"","meta":[],"_links":{"self":[{"href":"https:\/\/glamoriya.com\/en\/wp-json\/wp\/v2\/product\/1779"}],"collection":[{"href":"https:\/\/glamoriya.com\/en\/wp-json\/wp\/v2\/product"}],"about":[{"href":"https:\/\/glamoriya.com\/en\/wp-json\/wp\/v2\/types\/product"}],"replies":[{"embeddable":true,"href":"https:\/\/glamoriya.com\/en\/wp-json\/wp\/v2\/comments?post=1779"}],"wp:featuredmedia":[{"embeddable":true,"href":"https:\/\/glamoriya.com\/en\/wp-json\/wp\/v2\/media\/1782"}],"wp:attachment":[{"href":"https:\/\/glamoriya.com\/en\/wp-json\/wp\/v2\/media?parent=1779"}],"curies":[{"name":"wp","href":"https:\/\/api.w.org\/{rel}","templated":true}]}}