{"id":1756,"date":"2021-10-02T22:58:45","date_gmt":"2021-10-02T20:58:45","guid":{"rendered":"https:\/\/glamoriya.com\/?post_type=product&#038;p=1756"},"modified":"2024-07-09T16:04:37","modified_gmt":"2024-07-09T14:04:37","slug":"lot-de-2-red-one-olive-aqua-hair-wax-full-force","status":"publish","type":"product","link":"https:\/\/glamoriya.com\/en\/product\/lot-de-2-red-one-olive-aqua-hair-wax-full-force\/","title":{"rendered":"Lot de 2 Red One Olive Aqua Hair Wax Full Force"},"content":{"rendered":"<p>Lot de 2 Red One Olive Aqua Hair Wax Full Force. Sa formule coiffe et plaque tous types de cheveux et convient parfaitement aux cheveux cr\u00e9pus, fris\u00e9s et boucl\u00e9s. <\/p>","protected":false},"excerpt":{"rendered":"<p>Lot de 2 Red One Olive Aqua Hair Wax Full Force. Sa formule coiffe et plaque tous types de cheveux et convient parfaitement aux cheveux cr\u00e9pus, fris\u00e9s et boucl\u00e9s.<\/p>","protected":false},"featured_media":1754,"comment_status":"open","ping_status":"closed","template":"","meta":[],"_links":{"self":[{"href":"https:\/\/glamoriya.com\/en\/wp-json\/wp\/v2\/product\/1756"}],"collection":[{"href":"https:\/\/glamoriya.com\/en\/wp-json\/wp\/v2\/product"}],"about":[{"href":"https:\/\/glamoriya.com\/en\/wp-json\/wp\/v2\/types\/product"}],"replies":[{"embeddable":true,"href":"https:\/\/glamoriya.com\/en\/wp-json\/wp\/v2\/comments?post=1756"}],"wp:featuredmedia":[{"embeddable":true,"href":"https:\/\/glamoriya.com\/en\/wp-json\/wp\/v2\/media\/1754"}],"wp:attachment":[{"href":"https:\/\/glamoriya.com\/en\/wp-json\/wp\/v2\/media?parent=1756"}],"curies":[{"name":"wp","href":"https:\/\/api.w.org\/{rel}","templated":true}]}}