{"id":1748,"date":"2021-10-02T00:16:58","date_gmt":"2021-10-01T22:16:58","guid":{"rendered":"https:\/\/glamoriya.com\/?post_type=product&#038;p=1748"},"modified":"2025-05-19T22:00:35","modified_gmt":"2025-05-19T20:00:35","slug":"cantu-shea-butter-moisturizing-cream-shampoo","status":"publish","type":"product","link":"https:\/\/glamoriya.com\/en\/product\/cantu-shea-butter-moisturizing-cream-shampoo\/","title":{"rendered":"Cantu Shea Butter Moisturizing Cream Shampoo"},"content":{"rendered":"<p>Cantu Shea Butter Moisturizing cream shampoo, d\u00e9barrasse vos cheveux de toute accumulation de produit. Son application nettoie vos cheveux en profondeur laisse un fini doux, n&#8217;ass\u00e8che pas vos cheveux et les rends plus forts et \u00e9clatants. Ce shampooing est id\u00e9al pour tous types de cheveux cr\u00e9pus, boucl\u00e9s, fris\u00e9s ou trait\u00e9s chimiquement.<\/p>","protected":false},"excerpt":{"rendered":"<p>Cantu Shea Butter Moisturizing cream shampoo, d\u00e9barrasse vos cheveux de toute accumulation de produit. Son application nettoie vos cheveux en profondeur laisse un fini doux, n&#8217;ass\u00e8che pas vos cheveux et les rends plus forts et \u00e9clatants. Ce shampooing est id\u00e9al pour tous types de cheveux cr\u00e9pus, boucl\u00e9s, fris\u00e9s ou trait\u00e9s chimiquement.<\/p>","protected":false},"featured_media":1750,"comment_status":"open","ping_status":"closed","template":"","meta":[],"_links":{"self":[{"href":"https:\/\/glamoriya.com\/en\/wp-json\/wp\/v2\/product\/1748"}],"collection":[{"href":"https:\/\/glamoriya.com\/en\/wp-json\/wp\/v2\/product"}],"about":[{"href":"https:\/\/glamoriya.com\/en\/wp-json\/wp\/v2\/types\/product"}],"replies":[{"embeddable":true,"href":"https:\/\/glamoriya.com\/en\/wp-json\/wp\/v2\/comments?post=1748"}],"wp:featuredmedia":[{"embeddable":true,"href":"https:\/\/glamoriya.com\/en\/wp-json\/wp\/v2\/media\/1750"}],"wp:attachment":[{"href":"https:\/\/glamoriya.com\/en\/wp-json\/wp\/v2\/media?parent=1748"}],"curies":[{"name":"wp","href":"https:\/\/api.w.org\/{rel}","templated":true}]}}