{"id":1744,"date":"2021-09-26T22:59:29","date_gmt":"2021-09-26T20:59:29","guid":{"rendered":"https:\/\/glamoriya.com\/?post_type=product&#038;p=1744"},"modified":"2024-07-09T16:05:56","modified_gmt":"2024-07-09T14:05:56","slug":"eco-styler-gel-coiffant-a-huile-dargan-473-ml","status":"publish","type":"product","link":"https:\/\/glamoriya.com\/en\/product\/eco-styler-gel-coiffant-a-huile-dargan-473-ml\/","title":{"rendered":"Eco Styler Gel Coiffant \u00e0 l&#8217;Huile d&#8217;Argan 473 ml"},"content":{"rendered":"<p>Eco Styler Gel Coiffant Argan oil Gel, \u00e0 base d\u2019huile d\u2019Argan du Maroc. Il coiffe et d\u00e9finit les boucles des cheveux boucl\u00e9s, fris\u00e9s et cr\u00e9pus, sans les ass\u00e9cher ni laisser de r\u00e9sidus blancs.<\/p>","protected":false},"excerpt":{"rendered":"<p>Eco Styler Gel Coiffant Argan oil Gel, \u00e0 base d\u2019huile d\u2019Argan du Maroc. Il coiffe et d\u00e9finit les boucles des cheveux boucl\u00e9s, fris\u00e9s et cr\u00e9pus, sans les ass\u00e9cher ni laisser de r\u00e9sidus blancs.<\/p>","protected":false},"featured_media":1742,"comment_status":"open","ping_status":"closed","template":"","meta":[],"_links":{"self":[{"href":"https:\/\/glamoriya.com\/en\/wp-json\/wp\/v2\/product\/1744"}],"collection":[{"href":"https:\/\/glamoriya.com\/en\/wp-json\/wp\/v2\/product"}],"about":[{"href":"https:\/\/glamoriya.com\/en\/wp-json\/wp\/v2\/types\/product"}],"replies":[{"embeddable":true,"href":"https:\/\/glamoriya.com\/en\/wp-json\/wp\/v2\/comments?post=1744"}],"wp:featuredmedia":[{"embeddable":true,"href":"https:\/\/glamoriya.com\/en\/wp-json\/wp\/v2\/media\/1742"}],"wp:attachment":[{"href":"https:\/\/glamoriya.com\/en\/wp-json\/wp\/v2\/media?parent=1744"}],"curies":[{"name":"wp","href":"https:\/\/api.w.org\/{rel}","templated":true}]}}