{"id":1735,"date":"2021-09-26T13:05:47","date_gmt":"2021-09-26T11:05:47","guid":{"rendered":"https:\/\/glamoriya.com\/?post_type=product&#038;p=1735"},"modified":"2024-07-09T16:06:58","modified_gmt":"2024-07-09T14:06:58","slug":"fair-white-gold-gel-douche-gommage-precieux","status":"publish","type":"product","link":"https:\/\/glamoriya.com\/en\/product\/fair-white-gold-gel-douche-gommage-precieux\/","title":{"rendered":"Fair &#038; White Gold Gel Douche Gommage Pr\u00e9cieux"},"content":{"rendered":"<p>Succombez \u00e0 la douche gommante pr\u00e9cieuse GOLD pour une peau de r\u00eave, \u00e0 la douceur incomparable. Sa mousse onctueuse parsem\u00e9e d&#8217;or nettoie parfaitement la peau. Elimine en douceur les cellules mortes et impuret\u00e9s, comme dans un v\u00e9ritable salon de beaut\u00e9.<br \/>\nChaque jour, il lib\u00e8re un parfum f\u00e9erique et offre une peau liss\u00e9e, unifi\u00e9e et lumineuse.<br \/>\nWith apricot kernel powder, natural exfoliating microbeads and Glycerin.<\/p>","protected":false},"excerpt":{"rendered":"<p>Succombez \u00e0 la douche gommante pr\u00e9cieuse GOLD pour une peau de r\u00eave, \u00e0 la douceur incomparable. Sa mousse onctueuse parsem\u00e9e d&#8217;or nettoie parfaitement la peau. Elimine en douceur les cellules mortes et impuret\u00e9s, comme dans un v\u00e9ritable salon de beaut\u00e9. Chaque jour, il lib\u00e8re un parfum f\u00e9erique et offre une peau liss\u00e9e, unifi\u00e9e et lumineuse. [&hellip;]<\/p>","protected":false},"featured_media":1738,"comment_status":"open","ping_status":"closed","template":"","meta":[],"_links":{"self":[{"href":"https:\/\/glamoriya.com\/en\/wp-json\/wp\/v2\/product\/1735"}],"collection":[{"href":"https:\/\/glamoriya.com\/en\/wp-json\/wp\/v2\/product"}],"about":[{"href":"https:\/\/glamoriya.com\/en\/wp-json\/wp\/v2\/types\/product"}],"replies":[{"embeddable":true,"href":"https:\/\/glamoriya.com\/en\/wp-json\/wp\/v2\/comments?post=1735"}],"wp:featuredmedia":[{"embeddable":true,"href":"https:\/\/glamoriya.com\/en\/wp-json\/wp\/v2\/media\/1738"}],"wp:attachment":[{"href":"https:\/\/glamoriya.com\/en\/wp-json\/wp\/v2\/media?parent=1735"}],"curies":[{"name":"wp","href":"https:\/\/api.w.org\/{rel}","templated":true}]}}