{"id":1659,"date":"2021-09-24T23:17:47","date_gmt":"2021-09-24T21:17:47","guid":{"rendered":"https:\/\/glamoriya.com\/?post_type=product&#038;p=1659"},"modified":"2025-05-19T05:25:01","modified_gmt":"2025-05-19T03:25:01","slug":"lot-de-2-red-one-green-matte-hair-wax-full-force","status":"publish","type":"product","link":"https:\/\/glamoriya.com\/en\/product\/lot-de-2-red-one-green-matte-hair-wax-full-force\/","title":{"rendered":"Lot de 2 Red One Green Matte Hair Wax Full Force"},"content":{"rendered":"<p>Lot de 2 cire Red One Green Matte Hair Wax Full Force Maximum Control est une cire coiffante enrichie en vitamines et min\u00e9raux.  Sa formule convient \u00e0 tous types de cheveux, tout particuli\u00e8rement aux cheveux boucl\u00e9s, fris\u00e9s et cr\u00e9pus. Laisse un fini matte et une tenue longue dur\u00e9e.<\/p>","protected":false},"excerpt":{"rendered":"<p>Lot de 2 cire Red One Green Matte Hair Wax Full Force Maximum Control est une cire coiffante enrichie en vitamines et min\u00e9raux. Sa formule convient \u00e0 tous types de cheveux, tout particuli\u00e8rement aux cheveux boucl\u00e9s, fris\u00e9s et cr\u00e9pus. Laisse un fini matte et une tenue longue dur\u00e9e.<\/p>","protected":false},"featured_media":1660,"comment_status":"open","ping_status":"closed","template":"","meta":[],"_links":{"self":[{"href":"https:\/\/glamoriya.com\/en\/wp-json\/wp\/v2\/product\/1659"}],"collection":[{"href":"https:\/\/glamoriya.com\/en\/wp-json\/wp\/v2\/product"}],"about":[{"href":"https:\/\/glamoriya.com\/en\/wp-json\/wp\/v2\/types\/product"}],"replies":[{"embeddable":true,"href":"https:\/\/glamoriya.com\/en\/wp-json\/wp\/v2\/comments?post=1659"}],"wp:featuredmedia":[{"embeddable":true,"href":"https:\/\/glamoriya.com\/en\/wp-json\/wp\/v2\/media\/1660"}],"wp:attachment":[{"href":"https:\/\/glamoriya.com\/en\/wp-json\/wp\/v2\/media?parent=1659"}],"curies":[{"name":"wp","href":"https:\/\/api.w.org\/{rel}","templated":true}]}}