{"id":1657,"date":"2021-09-24T23:07:09","date_gmt":"2021-09-24T21:07:09","guid":{"rendered":"https:\/\/glamoriya.com\/?post_type=product&#038;p=1657"},"modified":"2024-07-09T16:08:00","modified_gmt":"2024-07-09T14:08:00","slug":"lot-de-2-red-one-argan-matte-hair-wax-full-force","status":"publish","type":"product","link":"https:\/\/glamoriya.com\/en\/product\/lot-de-2-red-one-argan-matte-hair-wax-full-force\/","title":{"rendered":"Lot de 2 Red One Argan Matte Hair Wax Full Force"},"content":{"rendered":"<p>Lot de 2 cire Red One Argan Matte Hair Wax Full Force Maximum Control est une cire coiffante enrichie \u00e0 l&#8217;huile d&#8217;Argan.  Sa formule convient \u00e0 tous types de cheveux, tout particuli\u00e8rement aux cheveux boucl\u00e9s, fris\u00e9s et cr\u00e9pus. Laisse un fini matte et une tenue longue dur\u00e9e.<\/p>","protected":false},"excerpt":{"rendered":"<p>Lot de 2 cire Red One Argan Matte Hair Wax Full Force Maximum Control est une cire coiffante enrichie \u00e0 l&#8217;huile d&#8217;Argan. Sa formule convient \u00e0 tous types de cheveux, tout particuli\u00e8rement aux cheveux boucl\u00e9s, fris\u00e9s et cr\u00e9pus. Laisse un fini matte et une tenue longue dur\u00e9e.<\/p>","protected":false},"featured_media":1658,"comment_status":"open","ping_status":"closed","template":"","meta":[],"_links":{"self":[{"href":"https:\/\/glamoriya.com\/en\/wp-json\/wp\/v2\/product\/1657"}],"collection":[{"href":"https:\/\/glamoriya.com\/en\/wp-json\/wp\/v2\/product"}],"about":[{"href":"https:\/\/glamoriya.com\/en\/wp-json\/wp\/v2\/types\/product"}],"replies":[{"embeddable":true,"href":"https:\/\/glamoriya.com\/en\/wp-json\/wp\/v2\/comments?post=1657"}],"wp:featuredmedia":[{"embeddable":true,"href":"https:\/\/glamoriya.com\/en\/wp-json\/wp\/v2\/media\/1658"}],"wp:attachment":[{"href":"https:\/\/glamoriya.com\/en\/wp-json\/wp\/v2\/media?parent=1657"}],"curies":[{"name":"wp","href":"https:\/\/api.w.org\/{rel}","templated":true}]}}