{"id":1651,"date":"2021-09-24T22:32:55","date_gmt":"2021-09-24T20:32:55","guid":{"rendered":"https:\/\/glamoriya.com\/?post_type=product&#038;p=1651"},"modified":"2024-07-09T16:08:51","modified_gmt":"2024-07-09T14:08:51","slug":"lot-de-2-red-one-bright-white-aqua-hair-wax-full-force","status":"publish","type":"product","link":"https:\/\/glamoriya.com\/en\/product\/lot-de-2-red-one-bright-white-aqua-hair-wax-full-force\/","title":{"rendered":"Lot de 2 Red One Bright White Aqua Hair Wax Full Force"},"content":{"rendered":"<p>Lot de 2 cires Red One Bright White Aqua Hair Wax Full Force. Cire coiffante forte tenue 150ml. Convient \u00e0 tous types de cheveux, parfait pour plaquer les cheveux cr\u00e9pus, fris\u00e9s et boucl\u00e9s. Application facile, longue tenue, fini brillant.<\/p>","protected":false},"excerpt":{"rendered":"<p>Lot de 2 cires Red One Bright White Aqua Hair Wax Full Force. Cire coiffante forte tenue 150ml. Convient \u00e0 tous types de cheveux, parfait pour plaquer les cheveux cr\u00e9pus, fris\u00e9s et boucl\u00e9s. Application facile, longue tenue, fini brillant.<\/p>","protected":false},"featured_media":1652,"comment_status":"open","ping_status":"closed","template":"","meta":[],"_links":{"self":[{"href":"https:\/\/glamoriya.com\/en\/wp-json\/wp\/v2\/product\/1651"}],"collection":[{"href":"https:\/\/glamoriya.com\/en\/wp-json\/wp\/v2\/product"}],"about":[{"href":"https:\/\/glamoriya.com\/en\/wp-json\/wp\/v2\/types\/product"}],"replies":[{"embeddable":true,"href":"https:\/\/glamoriya.com\/en\/wp-json\/wp\/v2\/comments?post=1651"}],"wp:featuredmedia":[{"embeddable":true,"href":"https:\/\/glamoriya.com\/en\/wp-json\/wp\/v2\/media\/1652"}],"wp:attachment":[{"href":"https:\/\/glamoriya.com\/en\/wp-json\/wp\/v2\/media?parent=1651"}],"curies":[{"name":"wp","href":"https:\/\/api.w.org\/{rel}","templated":true}]}}