{"id":1649,"date":"2021-09-24T22:17:43","date_gmt":"2021-09-24T20:17:43","guid":{"rendered":"https:\/\/glamoriya.com\/?post_type=product&#038;p=1649"},"modified":"2024-07-09T16:09:06","modified_gmt":"2024-07-09T14:09:06","slug":"lot-de-2-red-one-orange-aqua-hair-gel-wax","status":"publish","type":"product","link":"https:\/\/glamoriya.com\/en\/product\/lot-de-2-red-one-orange-aqua-hair-gel-wax\/","title":{"rendered":"Lot de 2 Red One Orange Aqua Hair Gel Wax"},"content":{"rendered":"<p>Pack de 3 cires Edge control, Red One Orange Aqua Hair Wax Full Force, cire coiffante forte tenue 150ml. Convient \u00e0 tous types de cheveux, parfait pour plaquer les cheveux cr\u00e9pus, fris\u00e9s et boucl\u00e9s. Application facile, longue tenue, fini brillant. <\/p>","protected":false},"excerpt":{"rendered":"<p>Pack de 3 cires Edge control, Red One Orange Aqua Hair Wax Full Force, cire coiffante forte tenue 150ml. Convient \u00e0 tous types de cheveux, parfait pour plaquer les cheveux cr\u00e9pus, fris\u00e9s et boucl\u00e9s. Application facile, longue tenue, fini brillant.<\/p>","protected":false},"featured_media":1650,"comment_status":"open","ping_status":"closed","template":"","meta":[],"_links":{"self":[{"href":"https:\/\/glamoriya.com\/en\/wp-json\/wp\/v2\/product\/1649"}],"collection":[{"href":"https:\/\/glamoriya.com\/en\/wp-json\/wp\/v2\/product"}],"about":[{"href":"https:\/\/glamoriya.com\/en\/wp-json\/wp\/v2\/types\/product"}],"replies":[{"embeddable":true,"href":"https:\/\/glamoriya.com\/en\/wp-json\/wp\/v2\/comments?post=1649"}],"wp:featuredmedia":[{"embeddable":true,"href":"https:\/\/glamoriya.com\/en\/wp-json\/wp\/v2\/media\/1650"}],"wp:attachment":[{"href":"https:\/\/glamoriya.com\/en\/wp-json\/wp\/v2\/media?parent=1649"}],"curies":[{"name":"wp","href":"https:\/\/api.w.org\/{rel}","templated":true}]}}