{"id":1646,"date":"2021-09-24T22:03:10","date_gmt":"2021-09-24T20:03:10","guid":{"rendered":"https:\/\/glamoriya.com\/?post_type=product&#038;p=1646"},"modified":"2025-05-20T00:11:17","modified_gmt":"2025-05-19T22:11:17","slug":"lot-de-2-red-one-black-aqua-hair-gel-wax-full-force","status":"publish","type":"product","link":"https:\/\/glamoriya.com\/en\/product\/lot-de-2-red-one-black-aqua-hair-gel-wax-full-force\/","title":{"rendered":"Lot de 2 Red One Black Aqua Hair Gel Wax Full Force"},"content":{"rendered":"<p>Lot de 2 cires Edge control, Red One  Black Aqua Hair Wax Full Force, cire coiffante forte tenue 150ml. Convient \u00e0 tous types de cheveux, parfait pour plaquer les cheveux cr\u00e9pus, fris\u00e9s et boucl\u00e9s. Application facile, longue tenue, fini brillant. <\/p>","protected":false},"excerpt":{"rendered":"<p>Lot de 2 cires Edge control, Red One Black Aqua Hair Wax Full Force, cire coiffante forte tenue 150ml. Convient \u00e0 tous types de cheveux, parfait pour plaquer les cheveux cr\u00e9pus, fris\u00e9s et boucl\u00e9s. Application facile, longue tenue, fini brillant.<\/p>","protected":false},"featured_media":1647,"comment_status":"open","ping_status":"closed","template":"","meta":[],"_links":{"self":[{"href":"https:\/\/glamoriya.com\/en\/wp-json\/wp\/v2\/product\/1646"}],"collection":[{"href":"https:\/\/glamoriya.com\/en\/wp-json\/wp\/v2\/product"}],"about":[{"href":"https:\/\/glamoriya.com\/en\/wp-json\/wp\/v2\/types\/product"}],"replies":[{"embeddable":true,"href":"https:\/\/glamoriya.com\/en\/wp-json\/wp\/v2\/comments?post=1646"}],"wp:featuredmedia":[{"embeddable":true,"href":"https:\/\/glamoriya.com\/en\/wp-json\/wp\/v2\/media\/1647"}],"wp:attachment":[{"href":"https:\/\/glamoriya.com\/en\/wp-json\/wp\/v2\/media?parent=1646"}],"curies":[{"name":"wp","href":"https:\/\/api.w.org\/{rel}","templated":true}]}}