{"id":1642,"date":"2021-09-24T21:48:30","date_gmt":"2021-09-24T19:48:30","guid":{"rendered":"https:\/\/glamoriya.com\/?post_type=product&#038;p=1642"},"modified":"2024-07-09T16:09:47","modified_gmt":"2024-07-09T14:09:47","slug":"b-white-piment-doux-avec-carotte-gel-douche-gommage-eclaircissant","status":"publish","type":"product","link":"https:\/\/glamoriya.com\/en\/product\/b-white-piment-doux-avec-carotte-gel-douche-gommage-eclaircissant\/","title":{"rendered":"B White Piment Doux avec Carotte Gel Douche Gommage Eclaircissant"},"content":{"rendered":"<p>B White Piment Doux avec Carotte Gel Douche Gommage Eclaircissant douche aide \u00e0 \u00e9liminer les cellules mortes de la peau et les impuret\u00e9s. Ses microbilles exfoliantes naturelles avec de la poudre de noyaux d&#8217;abricots, nettoient la peau en la rendant douce, lisse et soyeuse tout en laissant un parfum exaltant toute la journ\u00e9e.<\/p>","protected":false},"excerpt":{"rendered":"<p>B White Piment Doux avec Carotte Gel Douche Gommage Eclaircissant douche aide \u00e0 \u00e9liminer les cellules mortes de la peau et les impuret\u00e9s. Ses microbilles exfoliantes naturelles avec de la poudre de noyaux d&#8217;abricots, nettoient la peau en la rendant douce, lisse et soyeuse tout en laissant un parfum exaltant toute la journ\u00e9e.<\/p>","protected":false},"featured_media":1643,"comment_status":"open","ping_status":"closed","template":"","meta":[],"_links":{"self":[{"href":"https:\/\/glamoriya.com\/en\/wp-json\/wp\/v2\/product\/1642"}],"collection":[{"href":"https:\/\/glamoriya.com\/en\/wp-json\/wp\/v2\/product"}],"about":[{"href":"https:\/\/glamoriya.com\/en\/wp-json\/wp\/v2\/types\/product"}],"replies":[{"embeddable":true,"href":"https:\/\/glamoriya.com\/en\/wp-json\/wp\/v2\/comments?post=1642"}],"wp:featuredmedia":[{"embeddable":true,"href":"https:\/\/glamoriya.com\/en\/wp-json\/wp\/v2\/media\/1643"}],"wp:attachment":[{"href":"https:\/\/glamoriya.com\/en\/wp-json\/wp\/v2\/media?parent=1642"}],"curies":[{"name":"wp","href":"https:\/\/api.w.org\/{rel}","templated":true}]}}