{"id":1633,"date":"2021-09-24T21:31:50","date_gmt":"2021-09-24T19:31:50","guid":{"rendered":"https:\/\/glamoriya.com\/?post_type=product&#038;p=1633"},"modified":"2024-07-09T16:10:13","modified_gmt":"2024-07-09T14:10:13","slug":"b-white-aha-avec-de-lhuile-dargan-gel-douche-gommage-eclaircissant","status":"publish","type":"product","link":"https:\/\/glamoriya.com\/en\/product\/b-white-aha-avec-de-lhuile-dargan-gel-douche-gommage-eclaircissant\/","title":{"rendered":"B White AHA avec de l&#8217;Huile d&#8217;Argan Gel Douche Gommage Eclaircissant"},"content":{"rendered":"<p>B White AHA avec de l&#8217;Huile d&#8217;Argan Gel Douche Gommage Eclaircissant douche aide \u00e0 \u00e9liminer les cellules mortes de la peau et les impuret\u00e9s. Ses microbilles exfoliantes naturelles avec de la poudre de noyaux d&#8217;abricots, nettoient la peau en la rendant douce, lisse et soyeuse tout en laissant un parfum exaltant toute la journ\u00e9e.<\/p>","protected":false},"excerpt":{"rendered":"<p>B White AHA avec de l&#8217;Huile d&#8217;Argan Gel Douche Gommage Eclaircissant douche aide \u00e0 \u00e9liminer les cellules mortes de la peau et les impuret\u00e9s. Ses microbilles exfoliantes naturelles avec de la poudre de noyaux d&#8217;abricots, nettoient la peau en la rendant douce, lisse et soyeuse tout en laissant un parfum exaltant toute la journ\u00e9e.<\/p>","protected":false},"featured_media":1635,"comment_status":"open","ping_status":"closed","template":"","meta":[],"_links":{"self":[{"href":"https:\/\/glamoriya.com\/en\/wp-json\/wp\/v2\/product\/1633"}],"collection":[{"href":"https:\/\/glamoriya.com\/en\/wp-json\/wp\/v2\/product"}],"about":[{"href":"https:\/\/glamoriya.com\/en\/wp-json\/wp\/v2\/types\/product"}],"replies":[{"embeddable":true,"href":"https:\/\/glamoriya.com\/en\/wp-json\/wp\/v2\/comments?post=1633"}],"wp:featuredmedia":[{"embeddable":true,"href":"https:\/\/glamoriya.com\/en\/wp-json\/wp\/v2\/media\/1635"}],"wp:attachment":[{"href":"https:\/\/glamoriya.com\/en\/wp-json\/wp\/v2\/media?parent=1633"}],"curies":[{"name":"wp","href":"https:\/\/api.w.org\/{rel}","templated":true}]}}