{"id":1629,"date":"2021-09-23T23:34:26","date_gmt":"2021-09-23T21:34:26","guid":{"rendered":"https:\/\/glamoriya.com\/?post_type=product&#038;p=1629"},"modified":"2024-07-09T16:10:30","modified_gmt":"2024-07-09T14:10:30","slug":"eco-styler-gel-coiffant-a-base-dhuile-dolive-946-ml","status":"publish","type":"product","link":"https:\/\/glamoriya.com\/en\/product\/eco-styler-gel-coiffant-a-base-dhuile-dolive-946-ml\/","title":{"rendered":"Eco Styler Gel Coiffant \u00e0 Base d&#8217;Huile d&#8217;Olive 946 ml"},"content":{"rendered":"<p>Le gel pour cheveux olive Oil de la marque Eco Styler est un gel coiffant \u00e0 base d\u2019huile d\u2019olive 100% pure. Tr\u00e8s hydratant il aide \u00e0 hydrater le cuir chevelu et pr\u00e9vient les frisottis. Sa texture l\u00e9g\u00e8re et \u00e0 forte fixation maintient votre coiffure tout en donnant de la brillance \u00e0 vos cheveux sans les dess\u00e9cher.<\/p>","protected":false},"excerpt":{"rendered":"<p>Le gel pour cheveux olive Oil de la marque Eco Styler est un gel coiffant \u00e0 base d\u2019huile d\u2019olive 100% pure. Tr\u00e8s hydratant il aide \u00e0 hydrater le cuir chevelu et pr\u00e9vient les frisottis. Sa texture l\u00e9g\u00e8re et \u00e0 forte fixation maintient votre coiffure tout en donnant de la brillance \u00e0 vos cheveux sans les [&hellip;]<\/p>","protected":false},"featured_media":1630,"comment_status":"open","ping_status":"closed","template":"","meta":[],"_links":{"self":[{"href":"https:\/\/glamoriya.com\/en\/wp-json\/wp\/v2\/product\/1629"}],"collection":[{"href":"https:\/\/glamoriya.com\/en\/wp-json\/wp\/v2\/product"}],"about":[{"href":"https:\/\/glamoriya.com\/en\/wp-json\/wp\/v2\/types\/product"}],"replies":[{"embeddable":true,"href":"https:\/\/glamoriya.com\/en\/wp-json\/wp\/v2\/comments?post=1629"}],"wp:featuredmedia":[{"embeddable":true,"href":"https:\/\/glamoriya.com\/en\/wp-json\/wp\/v2\/media\/1630"}],"wp:attachment":[{"href":"https:\/\/glamoriya.com\/en\/wp-json\/wp\/v2\/media?parent=1629"}],"curies":[{"name":"wp","href":"https:\/\/api.w.org\/{rel}","templated":true}]}}