{"id":1626,"date":"2021-09-23T23:28:14","date_gmt":"2021-09-23T21:28:14","guid":{"rendered":"https:\/\/glamoriya.com\/?post_type=product&#038;p=1626"},"modified":"2024-07-09T16:10:44","modified_gmt":"2024-07-09T14:10:44","slug":"eco-styler-gel-coiffant-a-base-dhuile-dolive","status":"publish","type":"product","link":"https:\/\/glamoriya.com\/en\/product\/eco-styler-gel-coiffant-a-base-dhuile-dolive\/","title":{"rendered":"Eco Styler Gel Coiffant \u00e0 Base d&#8217;Huile d&#8217;Olive 473 ml"},"content":{"rendered":"<p>Le gel Eco Styler est adapt\u00e9 \u00e0 tous types de cheveux et particuli\u00e8rement recommand\u00e9 pour les cheveux cr\u00e9pus. Sans alcool, \u00e0 base d&#8217;eau, il ne dess\u00e8che pas et aide \u00e0 maintenir une bonne hydratation du cheveu. Eco Styler contient \u00e9galement une protection anti-UV pour limiter les effets nocifs du soleil.<\/p>","protected":false},"excerpt":{"rendered":"<p>Le gel Eco Styler est adapt\u00e9 \u00e0 tous types de cheveux et particuli\u00e8rement recommand\u00e9 pour les cheveux cr\u00e9pus. Sans alcool, \u00e0 base d&#8217;eau, il ne dess\u00e8che pas et aide \u00e0 maintenir une bonne hydratation du cheveu. Eco Styler contient \u00e9galement une protection anti-UV pour limiter les effets nocifs du soleil.<\/p>","protected":false},"featured_media":1836,"comment_status":"open","ping_status":"closed","template":"","meta":[],"_links":{"self":[{"href":"https:\/\/glamoriya.com\/en\/wp-json\/wp\/v2\/product\/1626"}],"collection":[{"href":"https:\/\/glamoriya.com\/en\/wp-json\/wp\/v2\/product"}],"about":[{"href":"https:\/\/glamoriya.com\/en\/wp-json\/wp\/v2\/types\/product"}],"replies":[{"embeddable":true,"href":"https:\/\/glamoriya.com\/en\/wp-json\/wp\/v2\/comments?post=1626"}],"wp:featuredmedia":[{"embeddable":true,"href":"https:\/\/glamoriya.com\/en\/wp-json\/wp\/v2\/media\/1836"}],"wp:attachment":[{"href":"https:\/\/glamoriya.com\/en\/wp-json\/wp\/v2\/media?parent=1626"}],"curies":[{"name":"wp","href":"https:\/\/api.w.org\/{rel}","templated":true}]}}