{"id":1622,"date":"2021-09-17T23:43:40","date_gmt":"2021-09-17T21:43:40","guid":{"rendered":"https:\/\/glamoriya.com\/?post_type=product&#038;p=1622"},"modified":"2025-05-20T02:46:45","modified_gmt":"2025-05-20T00:46:45","slug":"lot-de-2-red-one-blue-aqua-wax-full-force","status":"publish","type":"product","link":"https:\/\/glamoriya.com\/en\/product\/lot-de-2-red-one-blue-aqua-wax-full-force\/","title":{"rendered":"Lot de 2 Red One Blue Aqua Wax Full Force"},"content":{"rendered":"<p>Lot de 2 cires capillaires Red One Blue Aqua Hair Wax Full Force. Cire coiffante riche en vitamines et min\u00e9raux. Pour tous types de cheveux, elle est parfaite pour coiffer les cheveux cr\u00e9pus, fris\u00e9s et boucl\u00e9s.<\/p>","protected":false},"excerpt":{"rendered":"<p>Lot de 2 cires capillaires Red One Blue Aqua Hair Wax Full Force. Cire coiffante riche en vitamines et min\u00e9raux. Pour tous types de cheveux, elle est parfaite pour coiffer les cheveux cr\u00e9pus, fris\u00e9s et boucl\u00e9s.<\/p>","protected":false},"featured_media":1620,"comment_status":"open","ping_status":"closed","template":"","meta":[],"_links":{"self":[{"href":"https:\/\/glamoriya.com\/en\/wp-json\/wp\/v2\/product\/1622"}],"collection":[{"href":"https:\/\/glamoriya.com\/en\/wp-json\/wp\/v2\/product"}],"about":[{"href":"https:\/\/glamoriya.com\/en\/wp-json\/wp\/v2\/types\/product"}],"replies":[{"embeddable":true,"href":"https:\/\/glamoriya.com\/en\/wp-json\/wp\/v2\/comments?post=1622"}],"wp:featuredmedia":[{"embeddable":true,"href":"https:\/\/glamoriya.com\/en\/wp-json\/wp\/v2\/media\/1620"}],"wp:attachment":[{"href":"https:\/\/glamoriya.com\/en\/wp-json\/wp\/v2\/media?parent=1622"}],"curies":[{"name":"wp","href":"https:\/\/api.w.org\/{rel}","templated":true}]}}