{"id":1617,"date":"2021-09-17T23:40:02","date_gmt":"2021-09-17T21:40:02","guid":{"rendered":"https:\/\/glamoriya.com\/?post_type=product&#038;p=1617"},"modified":"2024-07-09T16:11:17","modified_gmt":"2024-07-09T14:11:17","slug":"lot-de-2-red-one-red-aqua-wax-full-force","status":"publish","type":"product","link":"https:\/\/glamoriya.com\/en\/product\/lot-de-2-red-one-red-aqua-wax-full-force\/","title":{"rendered":"Lot de 2 Red One Red Aqua Wax Full Force"},"content":{"rendered":"<p>Lot de 2 cires capillaires Red One Red Aqua Hair Wax Full Force. Cire coiffante riche en vitamine et min\u00e9raux. Pour tous types de cheveux, elle est parfaite pour coiffer les cheveux cr\u00e9pus, fris\u00e9s et boucl\u00e9s. <\/p>","protected":false},"excerpt":{"rendered":"<p>Lot de 2 cires capillaires Red One Red Aqua Hair Wax Full Force. Cire coiffante riche en vitamine et min\u00e9raux. Pour tous types de cheveux, elle est parfaite pour coiffer les cheveux cr\u00e9pus, fris\u00e9s et boucl\u00e9s.<\/p>","protected":false},"featured_media":1621,"comment_status":"open","ping_status":"closed","template":"","meta":[],"_links":{"self":[{"href":"https:\/\/glamoriya.com\/en\/wp-json\/wp\/v2\/product\/1617"}],"collection":[{"href":"https:\/\/glamoriya.com\/en\/wp-json\/wp\/v2\/product"}],"about":[{"href":"https:\/\/glamoriya.com\/en\/wp-json\/wp\/v2\/types\/product"}],"replies":[{"embeddable":true,"href":"https:\/\/glamoriya.com\/en\/wp-json\/wp\/v2\/comments?post=1617"}],"wp:featuredmedia":[{"embeddable":true,"href":"https:\/\/glamoriya.com\/en\/wp-json\/wp\/v2\/media\/1621"}],"wp:attachment":[{"href":"https:\/\/glamoriya.com\/en\/wp-json\/wp\/v2\/media?parent=1617"}],"curies":[{"name":"wp","href":"https:\/\/api.w.org\/{rel}","templated":true}]}}