{"id":1615,"date":"2021-09-17T09:03:04","date_gmt":"2021-09-17T07:03:04","guid":{"rendered":"https:\/\/glamoriya.com\/?post_type=product&#038;p=1615"},"modified":"2025-05-19T15:34:21","modified_gmt":"2025-05-19T13:34:21","slug":"red-one-keratin-matte-hair-wax-full-force","status":"publish","type":"product","link":"https:\/\/glamoriya.com\/en\/product\/red-one-keratin-matte-hair-wax-full-force\/","title":{"rendered":"Red One Keratin Matte Hair Wax Full Force"},"content":{"rendered":"<p>La cire capillaire Red One Keratine Matte Hair Wax Full Force Maximum Control riche en k\u00e9ratine. La k\u00e9ratine fortifie les cheveux et limite la casse. La cire Red One Keratine Matte Hair Wax Full Force Maximum convient \u00e0 tous types de cheveux y compris les cheveux boucl\u00e9s, fris\u00e9s et cr\u00e9pus.<\/p>","protected":false},"excerpt":{"rendered":"<p>La cire capillaire Red One Keratine Matte Hair Wax Full Force Maximum Control riche en k\u00e9ratine. La k\u00e9ratine fortifie les cheveux et limite la casse. La cire Red One Keratine Matte Hair Wax Full Force Maximum convient \u00e0 tous types de cheveux y compris les cheveux boucl\u00e9s, fris\u00e9s et cr\u00e9pus.<\/p>","protected":false},"featured_media":1616,"comment_status":"open","ping_status":"closed","template":"","meta":[],"_links":{"self":[{"href":"https:\/\/glamoriya.com\/en\/wp-json\/wp\/v2\/product\/1615"}],"collection":[{"href":"https:\/\/glamoriya.com\/en\/wp-json\/wp\/v2\/product"}],"about":[{"href":"https:\/\/glamoriya.com\/en\/wp-json\/wp\/v2\/types\/product"}],"replies":[{"embeddable":true,"href":"https:\/\/glamoriya.com\/en\/wp-json\/wp\/v2\/comments?post=1615"}],"wp:featuredmedia":[{"embeddable":true,"href":"https:\/\/glamoriya.com\/en\/wp-json\/wp\/v2\/media\/1616"}],"wp:attachment":[{"href":"https:\/\/glamoriya.com\/en\/wp-json\/wp\/v2\/media?parent=1615"}],"curies":[{"name":"wp","href":"https:\/\/api.w.org\/{rel}","templated":true}]}}