{"id":1611,"date":"2021-09-17T08:54:03","date_gmt":"2021-09-17T06:54:03","guid":{"rendered":"https:\/\/glamoriya.com\/?post_type=product&#038;p=1611"},"modified":"2024-07-09T16:11:59","modified_gmt":"2024-07-09T14:11:59","slug":"red-one-bright-white-aqua-hair-wax-full-force","status":"publish","type":"product","link":"https:\/\/glamoriya.com\/en\/product\/red-one-bright-white-aqua-hair-wax-full-force\/","title":{"rendered":"Red One Bright White Aqua Hair Wax Full Force"},"content":{"rendered":"<p>La cire capillaire Red One Bright White Aqua Hair Wax Full Force est une cire coiffante riche en vitamine et min\u00e9raux. Pour tous types de cheveux, elle est parfaite pour coiffer les cheveux cr\u00e9pus, fris\u00e9s et boucl\u00e9s et maitrise parfaitement les cheveux rebelles et les petits cheveux du bord.<\/p>","protected":false},"excerpt":{"rendered":"<p>La cire capillaire Red One Bright White Aqua Hair Wax Full Force est une cire coiffante riche en vitamine et min\u00e9raux. Pour tous types de cheveux, elle est parfaite pour coiffer les cheveux cr\u00e9pus, fris\u00e9s et boucl\u00e9s et maitrise parfaitement les cheveux rebelles et les petits cheveux du bord.<\/p>","protected":false},"featured_media":1612,"comment_status":"open","ping_status":"closed","template":"","meta":[],"_links":{"self":[{"href":"https:\/\/glamoriya.com\/en\/wp-json\/wp\/v2\/product\/1611"}],"collection":[{"href":"https:\/\/glamoriya.com\/en\/wp-json\/wp\/v2\/product"}],"about":[{"href":"https:\/\/glamoriya.com\/en\/wp-json\/wp\/v2\/types\/product"}],"replies":[{"embeddable":true,"href":"https:\/\/glamoriya.com\/en\/wp-json\/wp\/v2\/comments?post=1611"}],"wp:featuredmedia":[{"embeddable":true,"href":"https:\/\/glamoriya.com\/en\/wp-json\/wp\/v2\/media\/1612"}],"wp:attachment":[{"href":"https:\/\/glamoriya.com\/en\/wp-json\/wp\/v2\/media?parent=1611"}],"curies":[{"name":"wp","href":"https:\/\/api.w.org\/{rel}","templated":true}]}}