{"id":1609,"date":"2021-09-17T08:50:15","date_gmt":"2021-09-17T06:50:15","guid":{"rendered":"https:\/\/glamoriya.com\/?post_type=product&#038;p=1609"},"modified":"2024-07-09T16:13:19","modified_gmt":"2024-07-09T14:13:19","slug":"red-one-quiksilver-aqua-hair-wax-gel-full-force","status":"publish","type":"product","link":"https:\/\/glamoriya.com\/en\/product\/red-one-quiksilver-aqua-hair-wax-gel-full-force\/","title":{"rendered":"Red One Quiksilver Aqua Hair Wax Gel Full Force"},"content":{"rendered":"<p>Cire Edge control, Red One Quicksilver Aqua Hair Wax Full Force Cire coiffante forte tenue. Convient \u00e0 tous types de cheveux, parfait pour plaquer les cheveux cr\u00e9pus, fris\u00e9s et boucl\u00e9s. Application facile, longue tenue, fini brillant. Parfum neutre.<\/p>","protected":false},"excerpt":{"rendered":"<p>Cire Edge control, Red One Quicksilver Aqua Hair Wax Full Force Cire coiffante forte tenue. Convient \u00e0 tous types de cheveux, parfait pour plaquer les cheveux cr\u00e9pus, fris\u00e9s et boucl\u00e9s. Application facile, longue tenue, fini brillant. Parfum neutre.<\/p>","protected":false},"featured_media":1610,"comment_status":"open","ping_status":"closed","template":"","meta":[],"_links":{"self":[{"href":"https:\/\/glamoriya.com\/en\/wp-json\/wp\/v2\/product\/1609"}],"collection":[{"href":"https:\/\/glamoriya.com\/en\/wp-json\/wp\/v2\/product"}],"about":[{"href":"https:\/\/glamoriya.com\/en\/wp-json\/wp\/v2\/types\/product"}],"replies":[{"embeddable":true,"href":"https:\/\/glamoriya.com\/en\/wp-json\/wp\/v2\/comments?post=1609"}],"wp:featuredmedia":[{"embeddable":true,"href":"https:\/\/glamoriya.com\/en\/wp-json\/wp\/v2\/media\/1610"}],"wp:attachment":[{"href":"https:\/\/glamoriya.com\/en\/wp-json\/wp\/v2\/media?parent=1609"}],"curies":[{"name":"wp","href":"https:\/\/api.w.org\/{rel}","templated":true}]}}