{"id":1608,"date":"2021-09-17T08:45:39","date_gmt":"2021-09-17T06:45:39","guid":{"rendered":"https:\/\/glamoriya.com\/?post_type=product&#038;p=1608"},"modified":"2024-07-09T16:13:35","modified_gmt":"2024-07-09T14:13:35","slug":"red-one-olive-aqua-hair-wax-full-force","status":"publish","type":"product","link":"https:\/\/glamoriya.com\/en\/product\/red-one-olive-aqua-hair-wax-full-force\/","title":{"rendered":"Red One Olive Aqua Hair Wax Full Force"},"content":{"rendered":"<p>La cire capillaire Olive Aqua Hair Wax Full Force Maximum Control de Red One est une cire coiffante riche huile d&#8217;olive, en vitamine et min\u00e9raux.  Sa formule coiffe et plaque tous types de cheveux et convient parfaitement aux cheveux cr\u00e9pus, fris\u00e9s et boucl\u00e9s.<\/p>","protected":false},"excerpt":{"rendered":"<p>La cire capillaire Olive Aqua Hair Wax Full Force Maximum Control de Red One est une cire coiffante riche huile d&#8217;olive, en vitamine et min\u00e9raux. Sa formule coiffe et plaque tous types de cheveux et convient parfaitement aux cheveux cr\u00e9pus, fris\u00e9s et boucl\u00e9s.<\/p>","protected":false},"featured_media":1588,"comment_status":"open","ping_status":"closed","template":"","meta":[],"_links":{"self":[{"href":"https:\/\/glamoriya.com\/en\/wp-json\/wp\/v2\/product\/1608"}],"collection":[{"href":"https:\/\/glamoriya.com\/en\/wp-json\/wp\/v2\/product"}],"about":[{"href":"https:\/\/glamoriya.com\/en\/wp-json\/wp\/v2\/types\/product"}],"replies":[{"embeddable":true,"href":"https:\/\/glamoriya.com\/en\/wp-json\/wp\/v2\/comments?post=1608"}],"wp:featuredmedia":[{"embeddable":true,"href":"https:\/\/glamoriya.com\/en\/wp-json\/wp\/v2\/media\/1588"}],"wp:attachment":[{"href":"https:\/\/glamoriya.com\/en\/wp-json\/wp\/v2\/media?parent=1608"}],"curies":[{"name":"wp","href":"https:\/\/api.w.org\/{rel}","templated":true}]}}