{"id":1607,"date":"2021-09-17T08:08:37","date_gmt":"2021-09-17T06:08:37","guid":{"rendered":"https:\/\/glamoriya.com\/?post_type=product&#038;p=1607"},"modified":"2025-05-19T17:48:11","modified_gmt":"2025-05-19T15:48:11","slug":"red-one-black-aqua-hair-gel-wax-full-force","status":"publish","type":"product","link":"https:\/\/glamoriya.com\/en\/product\/red-one-black-aqua-hair-gel-wax-full-force\/","title":{"rendered":"Red One Black Aqua Hair Gel Wax Full Force"},"content":{"rendered":"<p>La cire capillaire  Red One  Black Aqua  Hair Wax Full Force est une cire coiffante riche en vitamine et min\u00e9raux. Pour tous types de cheveux, elle est parfaite pour coiffer les cheveux cr\u00e9pus, fris\u00e9s et boucl\u00e9s et maitrise parfaitement les cheveux rebelles et les petits cheveux du bord.<\/p>","protected":false},"excerpt":{"rendered":"<p>La cire capillaire Red One Black Aqua Hair Wax Full Force est une cire coiffante riche en vitamine et min\u00e9raux. Pour tous types de cheveux, elle est parfaite pour coiffer les cheveux cr\u00e9pus, fris\u00e9s et boucl\u00e9s et maitrise parfaitement les cheveux rebelles et les petits cheveux du bord.<\/p>","protected":false},"featured_media":1595,"comment_status":"open","ping_status":"closed","template":"","meta":[],"_links":{"self":[{"href":"https:\/\/glamoriya.com\/en\/wp-json\/wp\/v2\/product\/1607"}],"collection":[{"href":"https:\/\/glamoriya.com\/en\/wp-json\/wp\/v2\/product"}],"about":[{"href":"https:\/\/glamoriya.com\/en\/wp-json\/wp\/v2\/types\/product"}],"replies":[{"embeddable":true,"href":"https:\/\/glamoriya.com\/en\/wp-json\/wp\/v2\/comments?post=1607"}],"wp:featuredmedia":[{"embeddable":true,"href":"https:\/\/glamoriya.com\/en\/wp-json\/wp\/v2\/media\/1595"}],"wp:attachment":[{"href":"https:\/\/glamoriya.com\/en\/wp-json\/wp\/v2\/media?parent=1607"}],"curies":[{"name":"wp","href":"https:\/\/api.w.org\/{rel}","templated":true}]}}