{"id":1604,"date":"2021-09-17T08:06:05","date_gmt":"2021-09-17T06:06:05","guid":{"rendered":"https:\/\/glamoriya.com\/?post_type=product&#038;p=1604"},"modified":"2024-07-09T16:14:00","modified_gmt":"2024-07-09T14:14:00","slug":"red-one-orange-aqua-hair-gel-wax-full-force","status":"publish","type":"product","link":"https:\/\/glamoriya.com\/en\/product\/red-one-orange-aqua-hair-gel-wax-full-force\/","title":{"rendered":"Red One Orange Aqua Hair Gel Wax Full Force"},"content":{"rendered":"<p>Cire edge control Red One Orange Aqua Hair Wax Full Force. Cire coiffante forte tenue 150ml. Convient \u00e0 tous types de cheveux, parfait pour plaquer les cheveux cr\u00e9pus, fris\u00e9s et boucl\u00e9s. Application facile, longue tenue, fini brillant. Senteur orange.<\/p>","protected":false},"excerpt":{"rendered":"<p>Cire edge control Red One Orange Aqua Hair Wax Full Force. Cire coiffante forte tenue 150ml. Convient \u00e0 tous types de cheveux, parfait pour plaquer les cheveux cr\u00e9pus, fris\u00e9s et boucl\u00e9s. Application facile, longue tenue, fini brillant. Senteur orange.<\/p>","protected":false},"featured_media":1606,"comment_status":"open","ping_status":"closed","template":"","meta":[],"_links":{"self":[{"href":"https:\/\/glamoriya.com\/en\/wp-json\/wp\/v2\/product\/1604"}],"collection":[{"href":"https:\/\/glamoriya.com\/en\/wp-json\/wp\/v2\/product"}],"about":[{"href":"https:\/\/glamoriya.com\/en\/wp-json\/wp\/v2\/types\/product"}],"replies":[{"embeddable":true,"href":"https:\/\/glamoriya.com\/en\/wp-json\/wp\/v2\/comments?post=1604"}],"wp:featuredmedia":[{"embeddable":true,"href":"https:\/\/glamoriya.com\/en\/wp-json\/wp\/v2\/media\/1606"}],"wp:attachment":[{"href":"https:\/\/glamoriya.com\/en\/wp-json\/wp\/v2\/media?parent=1604"}],"curies":[{"name":"wp","href":"https:\/\/api.w.org\/{rel}","templated":true}]}}