{"id":1603,"date":"2021-09-17T07:52:24","date_gmt":"2021-09-17T05:52:24","guid":{"rendered":"https:\/\/glamoriya.com\/?post_type=product&#038;p=1603"},"modified":"2024-07-09T16:14:27","modified_gmt":"2024-07-09T14:14:27","slug":"red-one-violette-aqua-hair-gel-wax-full-force","status":"publish","type":"product","link":"https:\/\/glamoriya.com\/en\/product\/red-one-violette-aqua-hair-gel-wax-full-force\/","title":{"rendered":"Red One Violette Aqua Hair Gel Wax Full Force"},"content":{"rendered":"<p>Cire edge control, Red One Violetta Aqua Hair Wax Full Force cire coiffante forte tenue 150ml. Convient \u00e0 tous types de cheveux, parfait pour plaquer les cheveux cr\u00e9pus, fris\u00e9s et boucl\u00e9s. Application facile, longue tenue, fini brillant. Senteur myrtille.<\/p>","protected":false},"excerpt":{"rendered":"<p>Cire edge control, Red One Violetta Aqua Hair Wax Full Force cire coiffante forte tenue 150ml. Convient \u00e0 tous types de cheveux, parfait pour plaquer les cheveux cr\u00e9pus, fris\u00e9s et boucl\u00e9s. Application facile, longue tenue, fini brillant. Senteur myrtille.<\/p>","protected":false},"featured_media":1593,"comment_status":"open","ping_status":"closed","template":"","meta":[],"_links":{"self":[{"href":"https:\/\/glamoriya.com\/en\/wp-json\/wp\/v2\/product\/1603"}],"collection":[{"href":"https:\/\/glamoriya.com\/en\/wp-json\/wp\/v2\/product"}],"about":[{"href":"https:\/\/glamoriya.com\/en\/wp-json\/wp\/v2\/types\/product"}],"replies":[{"embeddable":true,"href":"https:\/\/glamoriya.com\/en\/wp-json\/wp\/v2\/comments?post=1603"}],"wp:featuredmedia":[{"embeddable":true,"href":"https:\/\/glamoriya.com\/en\/wp-json\/wp\/v2\/media\/1593"}],"wp:attachment":[{"href":"https:\/\/glamoriya.com\/en\/wp-json\/wp\/v2\/media?parent=1603"}],"curies":[{"name":"wp","href":"https:\/\/api.w.org\/{rel}","templated":true}]}}