{"id":1601,"date":"2021-09-17T07:43:49","date_gmt":"2021-09-17T05:43:49","guid":{"rendered":"https:\/\/glamoriya.com\/?post_type=product&#038;p=1601"},"modified":"2024-07-09T16:14:37","modified_gmt":"2024-07-09T14:14:37","slug":"red-one-green-matte-hair-wax-full-force","status":"publish","type":"product","link":"https:\/\/glamoriya.com\/en\/product\/red-one-green-matte-hair-wax-full-force\/","title":{"rendered":"Red One Green Matte Hair Wax Full Force"},"content":{"rendered":"<p>La cire capillaire Red One Green Matte Hair Wax Full Force Maximum Control est une cire coiffante enrichie en vitamines et min\u00e9raux.  Sa formule convient \u00e0 tous types de cheveux, tout particuli\u00e8rement aux cheveux boucl\u00e9s, fris\u00e9s et cr\u00e9pus. Laisse un fini matte et une tenue longue dur\u00e9e.<\/p>","protected":false},"excerpt":{"rendered":"<p>La cire capillaire Red One Green Matte Hair Wax Full Force Maximum Control est une cire coiffante enrichie en vitamines et min\u00e9raux. Sa formule convient \u00e0 tous types de cheveux, tout particuli\u00e8rement aux cheveux boucl\u00e9s, fris\u00e9s et cr\u00e9pus. Laisse un fini matte et une tenue longue dur\u00e9e.<\/p>","protected":false},"featured_media":1602,"comment_status":"open","ping_status":"closed","template":"","meta":[],"_links":{"self":[{"href":"https:\/\/glamoriya.com\/en\/wp-json\/wp\/v2\/product\/1601"}],"collection":[{"href":"https:\/\/glamoriya.com\/en\/wp-json\/wp\/v2\/product"}],"about":[{"href":"https:\/\/glamoriya.com\/en\/wp-json\/wp\/v2\/types\/product"}],"replies":[{"embeddable":true,"href":"https:\/\/glamoriya.com\/en\/wp-json\/wp\/v2\/comments?post=1601"}],"wp:featuredmedia":[{"embeddable":true,"href":"https:\/\/glamoriya.com\/en\/wp-json\/wp\/v2\/media\/1602"}],"wp:attachment":[{"href":"https:\/\/glamoriya.com\/en\/wp-json\/wp\/v2\/media?parent=1601"}],"curies":[{"name":"wp","href":"https:\/\/api.w.org\/{rel}","templated":true}]}}