{"id":1600,"date":"2021-09-17T07:29:48","date_gmt":"2021-09-17T05:29:48","guid":{"rendered":"https:\/\/glamoriya.com\/?post_type=product&#038;p=1600"},"modified":"2024-07-09T16:14:47","modified_gmt":"2024-07-09T14:14:47","slug":"red-one-blue-aqua-wax-full-force","status":"publish","type":"product","link":"https:\/\/glamoriya.com\/en\/product\/red-one-blue-aqua-wax-full-force\/","title":{"rendered":"Red One Blue Aqua Wax Full Force"},"content":{"rendered":"<p>Cire edge control, Red One Blue Aqua Hair Wax Full Force. Cire coiffante forte tenue. Convient \u00e0 tous types de cheveux, parfait pour plaquer les cheveux cr\u00e9pus, fris\u00e9s et boucl\u00e9s.<\/p>","protected":false},"excerpt":{"rendered":"<p>Cire edge control, Red One Blue Aqua Hair Wax Full Force. Cire coiffante forte tenue. Convient \u00e0 tous types de cheveux, parfait pour plaquer les cheveux cr\u00e9pus, fris\u00e9s et boucl\u00e9s.<\/p>","protected":false},"featured_media":1597,"comment_status":"open","ping_status":"closed","template":"","meta":[],"_links":{"self":[{"href":"https:\/\/glamoriya.com\/en\/wp-json\/wp\/v2\/product\/1600"}],"collection":[{"href":"https:\/\/glamoriya.com\/en\/wp-json\/wp\/v2\/product"}],"about":[{"href":"https:\/\/glamoriya.com\/en\/wp-json\/wp\/v2\/types\/product"}],"replies":[{"embeddable":true,"href":"https:\/\/glamoriya.com\/en\/wp-json\/wp\/v2\/comments?post=1600"}],"wp:featuredmedia":[{"embeddable":true,"href":"https:\/\/glamoriya.com\/en\/wp-json\/wp\/v2\/media\/1597"}],"wp:attachment":[{"href":"https:\/\/glamoriya.com\/en\/wp-json\/wp\/v2\/media?parent=1600"}],"curies":[{"name":"wp","href":"https:\/\/api.w.org\/{rel}","templated":true}]}}