{"id":1587,"date":"2021-09-17T07:25:31","date_gmt":"2021-09-17T05:25:31","guid":{"rendered":"https:\/\/glamoriya.com\/?post_type=product&#038;p=1587"},"modified":"2025-05-20T08:30:11","modified_gmt":"2025-05-20T06:30:11","slug":"red-one-red-aqua-wax-full-force","status":"publish","type":"product","link":"https:\/\/glamoriya.com\/en\/product\/red-one-red-aqua-wax-full-force\/","title":{"rendered":"Red One Red Aqua Wax Full Force"},"content":{"rendered":"<p>Cire edge control, Red One  Red Aqua Hair Wax Full Force. Cire coiffante forte tenue 150ml. Convient \u00e0 tous types de cheveux, parfait pour plaquer les cheveux cr\u00e9pus, fris\u00e9s et boucl\u00e9s.<\/p>","protected":false},"excerpt":{"rendered":"<p>Cire edge control, Red One Red Aqua Hair Wax Full Force. Cire coiffante forte tenue 150ml. Convient \u00e0 tous types de cheveux, parfait pour plaquer les cheveux cr\u00e9pus, fris\u00e9s et boucl\u00e9s.<\/p>","protected":false},"featured_media":1599,"comment_status":"open","ping_status":"closed","template":"","meta":[],"_links":{"self":[{"href":"https:\/\/glamoriya.com\/en\/wp-json\/wp\/v2\/product\/1587"}],"collection":[{"href":"https:\/\/glamoriya.com\/en\/wp-json\/wp\/v2\/product"}],"about":[{"href":"https:\/\/glamoriya.com\/en\/wp-json\/wp\/v2\/types\/product"}],"replies":[{"embeddable":true,"href":"https:\/\/glamoriya.com\/en\/wp-json\/wp\/v2\/comments?post=1587"}],"wp:featuredmedia":[{"embeddable":true,"href":"https:\/\/glamoriya.com\/en\/wp-json\/wp\/v2\/media\/1599"}],"wp:attachment":[{"href":"https:\/\/glamoriya.com\/en\/wp-json\/wp\/v2\/media?parent=1587"}],"curies":[{"name":"wp","href":"https:\/\/api.w.org\/{rel}","templated":true}]}}