{"id":1136,"date":"2021-05-10T19:09:04","date_gmt":"2021-05-10T17:09:04","guid":{"rendered":"https:\/\/glamoriya.com\/?post_type=product&#038;p=1136"},"modified":"2024-07-09T16:15:32","modified_gmt":"2024-07-09T14:15:32","slug":"cantu-curl-activator-cream","status":"publish","type":"product","link":"https:\/\/glamoriya.com\/en\/product\/cantu-curl-activator-cream\/","title":{"rendered":"Cantu Curl Activator cream"},"content":{"rendered":"<p>Smoothes and enhances natural curl pattern revealing frizz-free volume. Made with pure shea butter\nand formulated without harsh ingredients, Contu restores your real, authentic beauty<br \/>\nauthentic beauty. Embrace your curly, coily or wavy hair with Cantu. NO MINERAL OIL, SULFATES, PARABENS, SILICONES, PHTHALATES, GLUTEN, PARAFFIN OF PROPYLENE.<\/p>","protected":false},"excerpt":{"rendered":"<p>Lisse et am\u00e9liore le dessin naturel des boucles pour r\u00e9v\u00e9ler un volume sans frisottis. Compos\u00e9 de beurre de karit\u00e9 pur et formul\u00e9 sans ingr\u00e9dients agressifs, Cantu restaure votre beaut\u00e9 r\u00e9elle et authentique. Embrassez vos cheveux fris\u00e9s, boucl\u00e9s ou ondul\u00e9s avec Cantu.\u00a0 SANS HUILE MIN\u00c9RALE, SULFATES, PARAB\u00c8NES, SILICONES, PHTALATES, GLUTEN, PARAFFINE OU PROPYL\u00c8NE.<\/p>","protected":false},"featured_media":1103,"comment_status":"open","ping_status":"closed","template":"","meta":[],"_links":{"self":[{"href":"https:\/\/glamoriya.com\/en\/wp-json\/wp\/v2\/product\/1136"}],"collection":[{"href":"https:\/\/glamoriya.com\/en\/wp-json\/wp\/v2\/product"}],"about":[{"href":"https:\/\/glamoriya.com\/en\/wp-json\/wp\/v2\/types\/product"}],"replies":[{"embeddable":true,"href":"https:\/\/glamoriya.com\/en\/wp-json\/wp\/v2\/comments?post=1136"}],"wp:featuredmedia":[{"embeddable":true,"href":"https:\/\/glamoriya.com\/en\/wp-json\/wp\/v2\/media\/1103"}],"wp:attachment":[{"href":"https:\/\/glamoriya.com\/en\/wp-json\/wp\/v2\/media?parent=1136"}],"curies":[{"name":"wp","href":"https:\/\/api.w.org\/{rel}","templated":true}]}}