{"id":1113,"date":"2021-05-10T14:33:48","date_gmt":"2021-05-10T12:33:48","guid":{"rendered":"https:\/\/glamoriya.com\/?post_type=product&#038;p=1113"},"modified":"2025-05-19T21:59:37","modified_gmt":"2025-05-19T19:59:37","slug":"cantu-twist-lock-gel","status":"publish","type":"product","link":"https:\/\/glamoriya.com\/en\/product\/cantu-twist-lock-gel\/","title":{"rendered":"Cantu Twist &#038; Lock Gel"},"content":{"rendered":"<p>Controls frizz for a smooth, silky hold Restores natural curls. Made with pure shea butter and\nformulated without harsh ingredients. Ideal for curly, curly or wavy hair. Unique formula moisturizes\nand relaxes.\nMoisturizes, relaxes and adds manageability to hair by revealing stage shots and locks. Made with\npure shea butter and formulated without harsh ingredients, Cantu restores your true authentic\nbeauty. Wrap your curly, curly or wavy hair with Cantu.\nNo mineral oils, sulphates, parabens, silicones, ptalates, gluten, paraffin or propylene.<\/p>","protected":false},"excerpt":{"rendered":"<p>Contr\u00f4le l&#8217;effet fris\u00e9 pour une tenue lisse et soyeuse Restaure les boucles naturelles. Fabriqu\u00e9 avec du beurre de karit\u00e9 pur et formul\u00e9 sans ingr\u00e9dients agressifs. Id\u00e9al pour les cheveux boucl\u00e9s, boucl\u00e9s ou ondul\u00e9s. Formule unique qui hydrate et d\u00e9frise. Hydrate, d\u00e9fris\u00e9 et ajoute de la maniabilit\u00e9 aux cheveux en r\u00e9v\u00e9lant des coups de sc\u00e8ne et [&hellip;]<\/p>","protected":false},"featured_media":1107,"comment_status":"open","ping_status":"closed","template":"","meta":[],"_links":{"self":[{"href":"https:\/\/glamoriya.com\/en\/wp-json\/wp\/v2\/product\/1113"}],"collection":[{"href":"https:\/\/glamoriya.com\/en\/wp-json\/wp\/v2\/product"}],"about":[{"href":"https:\/\/glamoriya.com\/en\/wp-json\/wp\/v2\/types\/product"}],"replies":[{"embeddable":true,"href":"https:\/\/glamoriya.com\/en\/wp-json\/wp\/v2\/comments?post=1113"}],"wp:featuredmedia":[{"embeddable":true,"href":"https:\/\/glamoriya.com\/en\/wp-json\/wp\/v2\/media\/1107"}],"wp:attachment":[{"href":"https:\/\/glamoriya.com\/en\/wp-json\/wp\/v2\/media?parent=1113"}],"curies":[{"name":"wp","href":"https:\/\/api.w.org\/{rel}","templated":true}]}}