{"id":1112,"date":"2021-05-10T14:32:04","date_gmt":"2021-05-10T12:32:04","guid":{"rendered":"https:\/\/glamoriya.com\/?post_type=product&#038;p=1112"},"modified":"2021-05-10T16:00:21","modified_gmt":"2021-05-10T14:00:21","slug":"cantu-define-shine","status":"publish","type":"product","link":"https:\/\/glamoriya.com\/en\/product\/cantu-define-shine\/","title":{"rendered":"Cantu Define &#038; Shine"},"content":{"rendered":"<p>Shea butter gel, paraben free, silicone free, mineral oil free, to style hair and redefine curls<\/p>\n<p class=\" translation-block\">Benefits for your hair :\n- perfect hold for all-day styling\n- adds shine\n- helps reduce hair volume by lengthening curls<\/p>","protected":false},"excerpt":{"rendered":"<p>Gel au beurre de karit\u00e9, sans paraben, sans silicone, sans huiles min\u00e9rales qui permet de styliser les cheveux et red\u00e9finir les boucles Bienfaits pour vos cheveux : &#8211; tenue parfaite pour des coiffures impeccables toute la journ\u00e9e &#8211; donne de la brillance &#8211; aide \u00e0 r\u00e9duire le volume des cheveux en allongeant les boucles<\/p>","protected":false},"featured_media":1105,"comment_status":"open","ping_status":"closed","template":"","meta":[],"_links":{"self":[{"href":"https:\/\/glamoriya.com\/en\/wp-json\/wp\/v2\/product\/1112"}],"collection":[{"href":"https:\/\/glamoriya.com\/en\/wp-json\/wp\/v2\/product"}],"about":[{"href":"https:\/\/glamoriya.com\/en\/wp-json\/wp\/v2\/types\/product"}],"replies":[{"embeddable":true,"href":"https:\/\/glamoriya.com\/en\/wp-json\/wp\/v2\/comments?post=1112"}],"wp:featuredmedia":[{"embeddable":true,"href":"https:\/\/glamoriya.com\/en\/wp-json\/wp\/v2\/media\/1105"}],"wp:attachment":[{"href":"https:\/\/glamoriya.com\/en\/wp-json\/wp\/v2\/media?parent=1112"}],"curies":[{"name":"wp","href":"https:\/\/api.w.org\/{rel}","templated":true}]}}