{"id":1108,"date":"2021-05-10T14:22:27","date_gmt":"2021-05-10T12:22:27","guid":{"rendered":"https:\/\/glamoriya.com\/?post_type=product&#038;p=1108"},"modified":"2026-04-16T19:30:25","modified_gmt":"2026-04-16T17:30:25","slug":"activilong-fortifying-mask","status":"publish","type":"product","link":"https:\/\/glamoriya.com\/en\/product\/activilong-fortifying-mask\/","title":{"rendered":"Activilong Fortifying Mask"},"content":{"rendered":"<p>The Leave-in Actiforce brings strength and vitality to curly, frizzy and frizzy hair. Without leaving a greasy effect on the hair, it defines and boosts the curls.<\/p>","protected":false},"excerpt":{"rendered":"<p>Enrichi en prot\u00e9ines v\u00e9g\u00e9tales, le masque ACTIFORCE r\u00e9pare et fortifie intens\u00e9ment les cheveux les plus abim\u00e9s et fragilis\u00e9s. La fibre capillaire est revitalis\u00e9e et r\u00e9g\u00e9n\u00e9r\u00e9e.<\/p>","protected":false},"featured_media":1094,"comment_status":"open","ping_status":"closed","template":"","meta":[],"_links":{"self":[{"href":"https:\/\/glamoriya.com\/en\/wp-json\/wp\/v2\/product\/1108"}],"collection":[{"href":"https:\/\/glamoriya.com\/en\/wp-json\/wp\/v2\/product"}],"about":[{"href":"https:\/\/glamoriya.com\/en\/wp-json\/wp\/v2\/types\/product"}],"replies":[{"embeddable":true,"href":"https:\/\/glamoriya.com\/en\/wp-json\/wp\/v2\/comments?post=1108"}],"wp:featuredmedia":[{"embeddable":true,"href":"https:\/\/glamoriya.com\/en\/wp-json\/wp\/v2\/media\/1094"}],"wp:attachment":[{"href":"https:\/\/glamoriya.com\/en\/wp-json\/wp\/v2\/media?parent=1108"}],"curies":[{"name":"wp","href":"https:\/\/api.w.org\/{rel}","templated":true}]}}